{"id":7,"date":"2023-01-04T11:04:19","date_gmt":"2023-01-04T11:04:19","guid":{"rendered":"https:\/\/www.chachimachuca.com\/?page_id=7"},"modified":"2025-07-24T10:15:44","modified_gmt":"2025-07-24T10:15:44","slug":"inicio","status":"publish","type":"page","link":"https:\/\/www.chachimachuca.com\/","title":{"rendered":"inicio"},"content":{"rendered":"<p>[et_pb_section fb_built=\u00bb1&#8243; _builder_version=\u00bb4.19.4&#8243; _module_preset=\u00bbdefault\u00bb background_color=\u00bb#FFFFFF\u00bb width=\u00bb100%\u00bb max_width=\u00bb100%\u00bb height=\u00bb100%\u00bb max_height=\u00bb850px\u00bb custom_margin=\u00bb0px||80px||false|false\u00bb custom_padding=\u00bb0px||120px||false|false\u00bb global_colors_info=\u00bb{}\u00bb][et_pb_row column_structure=\u00bb2_5,3_5&#8243; make_equal=\u00bbon\u00bb _builder_version=\u00bb4.27.4&#8243; _module_preset=\u00bbdefault\u00bb width=\u00bb99%\u00bb max_width=\u00bb1918px\u00bb height=\u00bb100%\u00bb max_height=\u00bb880px\u00bb custom_margin=\u00bb0px|||0px|false|false\u00bb custom_padding=\u00bb0px|||0px|false|false\u00bb hover_enabled=\u00bb0&#8243; global_colors_info=\u00bb{}\u00bb sticky_enabled=\u00bb0&#8243;][et_pb_column type=\u00bb2_5&#8243; _builder_version=\u00bb4.27.4&#8243; _module_preset=\u00bbdefault\u00bb custom_padding=\u00bb0px|0px|0px|0px|false|false\u00bb hover_enabled=\u00bb0&#8243; global_colors_info=\u00bb{}\u00bb sticky_enabled=\u00bb0&#8243;][et_pb_image src=\u00bbhttps:\/\/www.chachimachuca.com\/wp-content\/uploads\/2025\/07\/black-and-red-copia.jpg\u00bb alt=\u00bbSunflowers\u00bb title_text=\u00bbblack and red copia\u00bb _builder_version=\u00bb4.27.4&#8243; _module_preset=\u00bbdefault\u00bb background_enable_image=\u00bboff\u00bb height=\u00bb100%\u00bb max_height=\u00bb825px\u00bb custom_margin=\u00bb0px|0px|0px|0px|false|false\u00bb custom_padding=\u00bb0px|||0px|false|false\u00bb hover_enabled=\u00bb0&#8243; global_colors_info=\u00bb{}\u00bb align=\u00bbcenter\u00bb sticky_enabled=\u00bb0&#8243;][\/et_pb_image][\/et_pb_column][et_pb_column type=\u00bb3_5&#8243; _builder_version=\u00bb4.19.4&#8243; _module_preset=\u00bbdefault\u00bb custom_padding=\u00bb0px|30px|0px|0px|false|false\u00bb global_colors_info=\u00bb{}\u00bb][et_pb_text _builder_version=\u00bb4.19.4&#8243; _module_preset=\u00bbdefault\u00bb text_font=\u00bbAbel||||||||\u00bb text_letter_spacing=\u00bb3px\u00bb header_font=\u00bbAbril Fatface||||||||\u00bb background_color=\u00bbRGBA(255,255,255,0)\u00bb width=\u00bb100%\u00bb max_width=\u00bb100%\u00bb custom_margin=\u00bb10px|30px||30px|false|false\u00bb custom_padding=\u00bb|10px||0px|false|false\u00bb global_colors_info=\u00bb{}\u00bb]<\/p>\n<h3><span style=\"color: #999999;\"><strong>Capturar una imagen, perfecta simbiosis entre apertura de <\/strong><\/span><span style=\"color: #999999;\"><strong>diafragma y velocidad de obturaci\u00f3n.<\/strong><\/span><\/h3>\n<p><span style=\"color: #999999;\"><strong><\/strong><\/span><\/p>\n<p><span style=\"color: #999999;\"><strong><\/strong><\/span><\/p>\n<h3><span style=\"color: #999999;\"><strong>Y el encuadre, enfoque, iluminaci\u00f3n&#8230;una elaborada alquimia de la que se obtiene algo \u00fanico.<\/strong><\/span><\/h3>\n<p><span style=\"color: #999999;\"><strong><\/strong><\/span><\/p>\n<p><span style=\"color: #999999;\"><strong><\/strong><\/span><\/p>\n<h3><span style=\"color: #999999;\"><strong>Pero lo m\u00e1s importante es la imaginaci\u00f3n del artista, esa mente donde se forja la idea, un sue\u00f1o.<\/strong><\/span><\/h3>\n<p><span style=\"color: #999999;\"><strong><\/strong><\/span><\/p>\n<h3><span style=\"color: #999999;\"><strong><\/strong><\/span><\/h3>\n<h3><span style=\"color: #999999;\"><strong>El montaje en estudio es fundamental, cada elemento y cada detalle debe ser insertado con mucho mimo para que la composici\u00f3n final, junto con los dem\u00e1s ingredientes rese\u00f1ados den lugar a ese momento m\u00e1gico en el que se pulsa el disparador.<\/strong><\/span><\/h3>\n<p><span style=\"color: #999999;\"><strong><\/strong><\/span><\/p>\n<p><span style=\"color: #999999;\"><strong><\/strong><\/span><\/p>\n<h3><span style=\"color: #999999;\"><strong>&#8230;.porque, al fin y al cabo, la fotograf\u00eda art\u00edstica es pura magia.<\/strong><\/span><\/h3>\n<p>[\/et_pb_text][\/et_pb_column][\/et_pb_row][\/et_pb_section][et_pb_section fb_built=\u00bb1&#8243; _builder_version=\u00bb4.19.4&#8243; _module_preset=\u00bbdefault\u00bb custom_margin=\u00bb0px||||false|false\u00bb custom_padding=\u00bb0px||||false|false\u00bb global_colors_info=\u00bb{}\u00bb][et_pb_row _builder_version=\u00bb4.19.4&#8243; _module_preset=\u00bbdefault\u00bb global_colors_info=\u00bb{}\u00bb][et_pb_column type=\u00bb4_4&#8243; _builder_version=\u00bb4.19.4&#8243; _module_preset=\u00bbdefault\u00bb global_colors_info=\u00bb{}\u00bb][et_pb_text _builder_version=\u00bb4.19.4&#8243; _module_preset=\u00bbdefault\u00bb width=\u00bb100%\u00bb custom_margin=\u00bb60px||||false|false\u00bb global_colors_info=\u00bb{}\u00bb]<\/p>\n<h2 style=\"text-align: center;\">CHACHI MACHUCA photography\u00a0 \u00a0&#8211;\u00a0 <span>chachimachuca@gmail.com<\/span><\/h2>\n<p>[\/et_pb_text][\/et_pb_column][\/et_pb_row][\/et_pb_section]<\/p>\n","protected":false},"excerpt":{"rendered":"<p>Capturar una imagen, perfecta simbiosis entre apertura de diafragma y velocidad de obturaci\u00f3n. Y el encuadre, enfoque, iluminaci\u00f3n&#8230;una elaborada alquimia de la que se obtiene algo \u00fanico. Pero lo m\u00e1s importante es la imaginaci\u00f3n del artista, esa mente donde se forja la idea, un sue\u00f1o. El montaje en estudio es fundamental, cada elemento y cada [&hellip;]<\/p>\n","protected":false},"author":1,"featured_media":0,"parent":0,"menu_order":0,"comment_status":"closed","ping_status":"closed","template":"","meta":{"_et_pb_use_builder":"on","_et_pb_old_content":"<!-- wp:image {\"id\":54,\"sizeSlug\":\"large\",\"linkDestination\":\"none\"} -->\n<figure class=\"wp-block-image size-large\"><img src=\"http:\/\/www.chachimachuca.com\/wp-content\/uploads\/2023\/01\/337A4766-1024x897.jpg\" alt=\"\" class=\"wp-image-54\"\/><\/figure>\n<!-- \/wp:image -->","_et_gb_content_width":"","_uf_show_specific_survey":0,"_uf_disable_surveys":false,"footnotes":""},"class_list":["post-7","page","type-page","status-publish","hentry"],"aioseo_notices":[],"_links":{"self":[{"href":"https:\/\/www.chachimachuca.com\/index.php\/wp-json\/wp\/v2\/pages\/7","targetHints":{"allow":["GET"]}}],"collection":[{"href":"https:\/\/www.chachimachuca.com\/index.php\/wp-json\/wp\/v2\/pages"}],"about":[{"href":"https:\/\/www.chachimachuca.com\/index.php\/wp-json\/wp\/v2\/types\/page"}],"author":[{"embeddable":true,"href":"https:\/\/www.chachimachuca.com\/index.php\/wp-json\/wp\/v2\/users\/1"}],"replies":[{"embeddable":true,"href":"https:\/\/www.chachimachuca.com\/index.php\/wp-json\/wp\/v2\/comments?post=7"}],"version-history":[{"count":74,"href":"https:\/\/www.chachimachuca.com\/index.php\/wp-json\/wp\/v2\/pages\/7\/revisions"}],"predecessor-version":[{"id":784,"href":"https:\/\/www.chachimachuca.com\/index.php\/wp-json\/wp\/v2\/pages\/7\/revisions\/784"}],"wp:attachment":[{"href":"https:\/\/www.chachimachuca.com\/index.php\/wp-json\/wp\/v2\/media?parent=7"}],"curies":[{"name":"wp","href":"https:\/\/api.w.org\/{rel}","templated":true}]}}